{"id":1386,"date":"2023-06-12T08:35:10","date_gmt":"2023-06-12T11:35:10","guid":{"rendered":"https:\/\/drogariaestreladalva.com.br\/?post_type=product&#038;p=1386"},"modified":"2023-06-12T08:35:38","modified_gmt":"2023-06-12T11:35:38","slug":"escova-de-dente-colgate-slim-soft-black-macia-com-2-unidades-colgate","status":"publish","type":"product","link":"https:\/\/drogariaestreladalva.com.br\/?product=escova-de-dente-colgate-slim-soft-black-macia-com-2-unidades-colgate","title":{"rendered":"ESCOVA DE DENTE COLGATE SLIM SOFT BLACK MACIA COM 2 UNIDADES Colgate"},"content":{"rendered":"<ul>\n<li>Cerdas 17x mais finas que as escovas comuns.<\/li>\n<li>Limpeza mais profunda entre os dentes e abaixo da linha da gengiva.<\/li>\n<li>Cabo ergon\u00f4mico e flex\u00edvel, oferecendo melhor ader\u00eancia.<\/li>\n<li>Cores sortidas.<\/li>\n<li>Cont\u00e9m 2 unidades.<\/li>\n<\/ul>\n","protected":false},"excerpt":{"rendered":"<p>Cerdas 17x mais finas que as escovas comuns. Limpeza mais profunda entre os dentes e abaixo da linha da gengiva. Cabo ergon\u00f4mico e flex\u00edvel, oferecendo melhor ader\u00eancia. Cores sortidas. Cont\u00e9m 2 unidades.<\/p>\n","protected":false},"featured_media":1388,"comment_status":"open","ping_status":"closed","template":"","meta":{"_eb_attr":""},"product_brand":[],"product_cat":[28],"product_tag":[],"class_list":{"0":"post-1386","1":"product","2":"type-product","3":"status-publish","4":"has-post-thumbnail","6":"product_cat-higieneecuidadospessoais","8":"first","9":"instock","10":"shipping-taxable","11":"purchasable","12":"product-type-simple"},"jetpack_sharing_enabled":true,"_links":{"self":[{"href":"https:\/\/drogariaestreladalva.com.br\/index.php?rest_route=\/wp\/v2\/product\/1386","targetHints":{"allow":["GET"]}}],"collection":[{"href":"https:\/\/drogariaestreladalva.com.br\/index.php?rest_route=\/wp\/v2\/product"}],"about":[{"href":"https:\/\/drogariaestreladalva.com.br\/index.php?rest_route=\/wp\/v2\/types\/product"}],"replies":[{"embeddable":true,"href":"https:\/\/drogariaestreladalva.com.br\/index.php?rest_route=%2Fwp%2Fv2%2Fcomments&post=1386"}],"wp:featuredmedia":[{"embeddable":true,"href":"https:\/\/drogariaestreladalva.com.br\/index.php?rest_route=\/wp\/v2\/media\/1388"}],"wp:attachment":[{"href":"https:\/\/drogariaestreladalva.com.br\/index.php?rest_route=%2Fwp%2Fv2%2Fmedia&parent=1386"}],"wp:term":[{"taxonomy":"product_brand","embeddable":true,"href":"https:\/\/drogariaestreladalva.com.br\/index.php?rest_route=%2Fwp%2Fv2%2Fproduct_brand&post=1386"},{"taxonomy":"product_cat","embeddable":true,"href":"https:\/\/drogariaestreladalva.com.br\/index.php?rest_route=%2Fwp%2Fv2%2Fproduct_cat&post=1386"},{"taxonomy":"product_tag","embeddable":true,"href":"https:\/\/drogariaestreladalva.com.br\/index.php?rest_route=%2Fwp%2Fv2%2Fproduct_tag&post=1386"}],"curies":[{"name":"wp","href":"https:\/\/api.w.org\/{rel}","templated":true}]}}